{"id":208,"date":"2023-04-27T07:48:32","date_gmt":"2023-04-27T07:48:32","guid":{"rendered":"https:\/\/arianaronpedrique.com\/?page_id=208"},"modified":"2023-09-15T21:26:06","modified_gmt":"2023-09-15T21:26:06","slug":"bio","status":"publish","type":"page","link":"https:\/\/arianaronpedrique.com\/es\/bio\/","title":{"rendered":"Bio"},"content":{"rendered":"<div data-elementor-type=\"wp-page\" data-elementor-id=\"208\" class=\"elementor elementor-208\">\n\t\t\t\t\t\t\t<div class=\"elementor-element elementor-element-64d054b e-con-full e-con\" data-id=\"64d054b\" data-element_type=\"container\" data-settings=\"{&quot;background_background&quot;:&quot;classic&quot;,&quot;content_width&quot;:&quot;full&quot;}\">\n\t\t<div class=\"elementor-element elementor-element-f8d6c19 e-con-full animated-slow elementor-invisible e-con\" data-id=\"f8d6c19\" data-element_type=\"container\" data-settings=\"{&quot;content_width&quot;:&quot;full&quot;,&quot;animation&quot;:&quot;fadeIn&quot;}\">\n\t\t\t\t<div class=\"elementor-element elementor-element-7394767 elementor-widget elementor-widget-text-editor\" data-id=\"7394767\" data-element_type=\"widget\" data-widget_type=\"text-editor.default\">\n\t\t\t\t<div class=\"elementor-widget-container\">\n\t\t\t<style>\/*! elementor - v3.12.1 - 02-04-2023 *\/\n.elementor-widget-text-editor.elementor-drop-cap-view-stacked .elementor-drop-cap{background-color:#69727d;color:#fff}.elementor-widget-text-editor.elementor-drop-cap-view-framed .elementor-drop-cap{color:#69727d;border:3px solid;background-color:transparent}.elementor-widget-text-editor:not(.elementor-drop-cap-view-default) .elementor-drop-cap{margin-top:8px}.elementor-widget-text-editor:not(.elementor-drop-cap-view-default) .elementor-drop-cap-letter{width:1em;height:1em}.elementor-widget-text-editor .elementor-drop-cap{float:left;text-align:center;line-height:1;font-size:50px}.elementor-widget-text-editor .elementor-drop-cap-letter{display:inline-block}<\/style>\t\t\t\t<p>La actriz y conductora venezolana consigui\u00f3 renombre gracias a su actuaci\u00f3n antag\u00f3nica como Paula Restrepo en la serie original  de Sony Pictures Television; <span style=\"text-decoration: underline;\"><a href=\"https:\/\/www.netflix.com\/mx-en\/title\/80170690\" target=\"_blank\" rel=\"noopener\">ROSARIO TIJERAS<\/a><\/span> - La cual se convirti\u00f3 en la serie #1 de Neflix Latinoam\u00e9rica y M\u00e9xico. El arco dram\u00e1tico de su  \npersonaje en el tr\u00edo rom\u00e1ntico principal de la serie, la ha vuelto una de las favoritas del p\u00fablico.<\/p>\t\t\t\t\t\t<\/div>\n\t\t\t\t<\/div>\n\t\t\t\t<div class=\"elementor-element elementor-element-1da8d3f elementor-widget__width-inherit elementor-view-default elementor-widget elementor-widget-icon\" data-id=\"1da8d3f\" data-element_type=\"widget\" data-widget_type=\"icon.default\">\n\t\t\t\t<div class=\"elementor-widget-container\">\n\t\t\t\t\t<div class=\"elementor-icon-wrapper\">\n\t\t\t<a class=\"elementor-icon\" href=\"https:\/\/www.imdb.com\/name\/nm5429505\/\" target=\"_blank\">\n\t\t\t<i aria-hidden=\"true\" class=\"fab fa-imdb\"><\/i>\t\t\t<\/a>\n\t\t<\/div>\n\t\t\t\t<\/div>\n\t\t\t\t<\/div>\n\t\t\t\t<\/div>\n\t\t<div class=\"elementor-element elementor-element-d411975 e-con-full animated-slow elementor-invisible e-con\" data-id=\"d411975\" data-element_type=\"container\" data-settings=\"{&quot;content_width&quot;:&quot;full&quot;,&quot;animation&quot;:&quot;fadeIn&quot;,&quot;position&quot;:&quot;absolute&quot;}\">\n\t\t\t\t<div class=\"elementor-element elementor-element-88faa95 elementor-widget elementor-widget-text-editor\" data-id=\"88faa95\" data-element_type=\"widget\" data-widget_type=\"text-editor.default\">\n\t\t\t\t<div class=\"elementor-widget-container\">\n\t\t\t\t\t\t\t<p>\u00a9 Ben Cope<\/p>\t\t\t\t\t\t<\/div>\n\t\t\t\t<\/div>\n\t\t\t\t<\/div>\n\t\t\t\t<\/div>\n\t\t<div class=\"elementor-element elementor-element-4042cab e-con-full e-con\" data-id=\"4042cab\" data-element_type=\"container\" data-settings=\"{&quot;content_width&quot;:&quot;full&quot;,&quot;background_background&quot;:&quot;classic&quot;}\">\n\t\t<div class=\"elementor-element elementor-element-40b8c7c e-con-full elementor-invisible e-con\" data-id=\"40b8c7c\" data-element_type=\"container\" data-settings=\"{&quot;content_width&quot;:&quot;full&quot;,&quot;animation&quot;:&quot;fadeIn&quot;}\">\n\t\t\t\t<div class=\"elementor-element elementor-element-a1be98e elementor-widget elementor-widget-image\" data-id=\"a1be98e\" data-element_type=\"widget\" data-widget_type=\"image.default\">\n\t\t\t\t<div class=\"elementor-widget-container\">\n\t\t\t<style>\/*! elementor - v3.12.1 - 02-04-2023 *\/\n.elementor-widget-image{text-align:center}.elementor-widget-image a{display:inline-block}.elementor-widget-image a img[src$=\".svg\"]{width:48px}.elementor-widget-image img{vertical-align:middle;display:inline-block}<\/style>\t\t\t\t\t\t\t\t\t\t\t\t\t<a href=\"https:\/\/arianaronpedrique.com\/wp-content\/uploads\/2023\/05\/2021_04_14_Ariana_Ron_Pedrique-0603.jpg\" data-elementor-open-lightbox=\"yes\" data-elementor-lightbox-title=\"\u00a9 Ben Cope\" data-e-action-hash=\"#elementor-action%3Aaction%3Dlightbox%26settings%3DeyJpZCI6NDc1LCJ1cmwiOiJodHRwczpcL1wvYXJpYW5hcm9ucGVkcmlxdWUuY29tXC93cC1jb250ZW50XC91cGxvYWRzXC8yMDIzXC8wNVwvMjAyMV8wNF8xNF9BcmlhbmFfUm9uX1BlZHJpcXVlLTA2MDMuanBnIn0%3D\">\n\t\t\t\t\t\t\t<img loading=\"lazy\" decoding=\"async\" width=\"768\" height=\"1024\" src=\"https:\/\/arianaronpedrique.com\/wp-content\/uploads\/2023\/05\/2021_04_14_Ariana_Ron_Pedrique-0603-768x1024.jpg\" class=\"attachment-large size-large wp-image-475\" alt=\"\" srcset=\"https:\/\/arianaronpedrique.com\/wp-content\/uploads\/2023\/05\/2021_04_14_Ariana_Ron_Pedrique-0603-768x1025.jpg 768w, https:\/\/arianaronpedrique.com\/wp-content\/uploads\/2023\/05\/2021_04_14_Ariana_Ron_Pedrique-0603-225x300.jpg 225w, https:\/\/arianaronpedrique.com\/wp-content\/uploads\/2023\/05\/2021_04_14_Ariana_Ron_Pedrique-0603-1151x1536.jpg 1151w, https:\/\/arianaronpedrique.com\/wp-content\/uploads\/2023\/05\/2021_04_14_Ariana_Ron_Pedrique-0603.jpg 1200w\" sizes=\"auto, (max-width: 768px) 100vw, 768px\" \/>\t\t\t\t\t\t\t\t<\/a>\n\t\t\t\t\t\t\t\t\t\t\t\t\t\t\t<\/div>\n\t\t\t\t<\/div>\n\t\t\t\t<\/div>\n\t\t<div class=\"elementor-element elementor-element-42c25dd e-con-full elementor-invisible e-con\" data-id=\"42c25dd\" data-element_type=\"container\" data-settings=\"{&quot;content_width&quot;:&quot;full&quot;,&quot;animation&quot;:&quot;fadeIn&quot;}\">\n\t\t\t\t<div class=\"elementor-element elementor-element-f76719c elementor-widget__width-initial elementor-widget elementor-widget-text-editor\" data-id=\"f76719c\" data-element_type=\"widget\" data-widget_type=\"text-editor.default\">\n\t\t\t\t<div class=\"elementor-widget-container\">\n\t\t\t\t\t\t\t<p>Recientemente, Ariana debut\u00f3 en la pantalla grande protagonizando y  coescribiendo el largometraje de <span style=\"text-decoration: underline;\"><a href=\"https:\/\/imdb.com\/name\/nm1351718\/\" target=\"_blank\" rel=\"noopener\">Floyd Russ<\/a><\/span>\u2019 <span style=\"text-decoration: underline;\"><a href=\"https:\/\/www.google.com\/url?sa=t&amp;rct=j&amp;q=&amp;esrc=s&amp;source=web&amp;cd=&amp;ved=2ahUKEwi8wYf-4rT_AhWyLUQIHR2ECj4QFnoECBMQAQ&amp;url=https%3A%2F%2Ftv.apple.com%2Fus%2Fmovie%2Fayar%2Fumc.cmc.4t2q4p1d938pmg37ksytn9lty&amp;usg=AOvVaw3WceCBC4d5eITjWH8jMMi4\" target=\"_blank\" rel=\"noopener\">AYAR<\/a><\/span> cuyo estreno mundial se llev\u00f3  a cabo en el prestigioso festival de cine internacional SXSW (2021). \u201cSu maravillosa y  desquiciada actuaci\u00f3n principal\u201d (<a href=\"https:\/\/www.indiewire.com\/criticism\/movies\/ayar-review-floyd-russ-lockdown-1234624436\/\" target=\"_blank\" rel=\"noopener\">IndieWire<\/a>) ha recibido espl\u00e9ndidos elogios de la cr\u00edtica autorizada. La pel\u00edcula fue luego adquirida por Gravitas Ventures y m\u00e1s tarde se estren\u00f3 en cines en Norteam\u00e9rica. Actualmente disponible \u00fanicamente en Estados Unidos y Canad\u00e1.<\/p><p>Ron Pedrique ha formado una impresionante carrera desde sus inicios en  Venezuela. Ariana comenz\u00f3 trabajando como conductora de televisi\u00f3n para  luego mudarse a la Ciudad de M\u00e9xico y encontrar su vocaci\u00f3n en una de las  escuelas actorales m\u00e1s influyentes de Latinoam\u00e9rica; CEFAT. Sus cr\u00e9ditos  notables incluyen papeles principales en <a href=\"https:\/\/www.primevideo.com\/detail\/0KVOC65YBUTB05ZRKFUPM7D43S\/ref=atv_dp?language=es_ES\" target=\"_blank\" rel=\"noopener\"><span style=\"text-decoration: underline;\">DOS LAGOS<\/span><\/a> (disponible en Amazon Prime MX), la biograf\u00eda autorizada del emblem\u00e1tico cantante mexicano <a href=\"https:\/\/pro.imdb.com\/title\/tt2770428\/?ref_=nm_filmo_pasttv_4\" target=\"_blank\" rel=\"noopener\">JOS\u00c9 JOS\u00c9  EL PR\u00cdNCIPE DE LA CANCI\u00d3N.<\/a> Simult\u00e1neamente, Ariana se ha destacado como conductora de programas de televisi\u00f3n en horario estelar  \u2013 <a href=\"https:\/\/www.imdb.com\/title\/tt11090888\/\" target=\"_blank\" rel=\"noopener\">EL HORMIGUERO MX<\/a> y <a href=\"https:\/\/imdb.com\/title\/tt6757250\/\" target=\"_blank\" rel=\"noopener\">LIP SYNC M\u00c9XICO<\/a> junto con <a href=\"https:\/\/imdb.com\/name\/nm7500905\/?ref_=instant_nm_1&amp;q=nicky%20jam\" target=\"_blank\" rel=\"noopener\">Nicky Jam<\/a> .<\/p><p>Apasionada por elevar las voces de latinos en el mundo del entretenimiento, Ariana ha obtenido certificaciones de Escritura de Gui\u00f3n y Cinematograf\u00eda de una de las universidades m\u00e1s prestigiosas del mundo; NYU Tisch School of Arts.<\/p><p>Actualmente, Ariana vive en Los \u00c1ngeles y es amante defensora de adoptar mascotas sin hogar.<\/p>\t\t\t\t\t\t<\/div>\n\t\t\t\t<\/div>\n\t\t\t\t<\/div>\n\t\t\t\t<\/div>\n\t\t<div class=\"elementor-element elementor-element-fd94732 e-con-full e-con\" data-id=\"fd94732\" data-element_type=\"container\" data-settings=\"{&quot;content_width&quot;:&quot;full&quot;,&quot;background_background&quot;:&quot;classic&quot;}\">\n\t\t<div class=\"elementor-element elementor-element-47088a5 e-con-full elementor-invisible e-con\" data-id=\"47088a5\" data-element_type=\"container\" data-settings=\"{&quot;content_width&quot;:&quot;full&quot;,&quot;background_background&quot;:&quot;classic&quot;,&quot;animation&quot;:&quot;fadeIn&quot;}\">\n\t\t\t\t<div class=\"elementor-element elementor-element-25e970d elementor-widget elementor-widget-spacer\" data-id=\"25e970d\" data-element_type=\"widget\" data-widget_type=\"spacer.default\">\n\t\t\t\t<div class=\"elementor-widget-container\">\n\t\t\t<style>\/*! elementor - v3.12.1 - 02-04-2023 *\/\n.elementor-column .elementor-spacer-inner{height:var(--spacer-size)}.e-con{--container-widget-width:100%}.e-con-inner>.elementor-widget-spacer,.e-con>.elementor-widget-spacer{width:var(--container-widget-width,var(--spacer-size));--align-self:var(--container-widget-align-self,initial);--flex-shrink:0}.e-con-inner>.elementor-widget-spacer>.elementor-widget-container,.e-con-inner>.elementor-widget-spacer>.elementor-widget-container>.elementor-spacer,.e-con>.elementor-widget-spacer>.elementor-widget-container,.e-con>.elementor-widget-spacer>.elementor-widget-container>.elementor-spacer{height:100%}.e-con-inner>.elementor-widget-spacer>.elementor-widget-container>.elementor-spacer>.elementor-spacer-inner,.e-con>.elementor-widget-spacer>.elementor-widget-container>.elementor-spacer>.elementor-spacer-inner{height:var(--container-widget-height,var(--spacer-size))}<\/style>\t\t<div class=\"elementor-spacer\">\n\t\t\t<div class=\"elementor-spacer-inner\"><\/div>\n\t\t<\/div>\n\t\t\t\t<\/div>\n\t\t\t\t<\/div>\n\t\t\t\t<\/div>\n\t\t<div class=\"elementor-element elementor-element-1a00e36 e-con-full elementor-invisible e-con\" data-id=\"1a00e36\" data-element_type=\"container\" data-settings=\"{&quot;content_width&quot;:&quot;full&quot;,&quot;animation&quot;:&quot;fadeIn&quot;}\">\n\t\t\t\t<div class=\"elementor-element elementor-element-97b7262 elementor-widget elementor-widget-image\" data-id=\"97b7262\" data-element_type=\"widget\" data-widget_type=\"image.default\">\n\t\t\t\t<div class=\"elementor-widget-container\">\n\t\t\t\t\t\t\t\t\t\t\t\t\t\t\t\t<a href=\"https:\/\/arianaronpedrique.com\/wp-content\/uploads\/2023\/04\/Mask-Group-3-2.jpg\" data-elementor-open-lightbox=\"yes\" data-elementor-lightbox-title=\"\u00a9 Ben Cope\" data-e-action-hash=\"#elementor-action%3Aaction%3Dlightbox%26settings%3DeyJpZCI6MjM0LCJ1cmwiOiJodHRwczpcL1wvYXJpYW5hcm9ucGVkcmlxdWUuY29tXC93cC1jb250ZW50XC91cGxvYWRzXC8yMDIzXC8wNFwvTWFzay1Hcm91cC0zLTIuanBnIn0%3D\">\n\t\t\t\t\t\t\t<img decoding=\"async\" src=\"https:\/\/arianaronpedrique.com\/wp-content\/uploads\/2023\/04\/Mask-Group-3-2.jpg\" title=\"\u00a9 Ben Cope\" alt=\"\u00a9 Ben Cope\" loading=\"lazy\" \/>\t\t\t\t\t\t\t\t<\/a>\n\t\t\t\t\t\t\t\t\t\t\t\t\t\t\t<\/div>\n\t\t\t\t<\/div>\n\t\t\t\t<\/div>\n\t\t\t\t<\/div>\n\t\t<div class=\"elementor-element elementor-element-7869d26 e-con-full e-con\" data-id=\"7869d26\" data-element_type=\"container\" data-settings=\"{&quot;content_width&quot;:&quot;full&quot;,&quot;background_background&quot;:&quot;classic&quot;}\">\n\t\t<div class=\"elementor-element elementor-element-9b0f3fd e-con-full elementor-invisible e-con\" data-id=\"9b0f3fd\" data-element_type=\"container\" data-settings=\"{&quot;content_width&quot;:&quot;full&quot;,&quot;animation&quot;:&quot;fadeIn&quot;}\">\n\t\t\t\t<div class=\"elementor-element elementor-element-fd08c6f elementor-widget elementor-widget-image\" data-id=\"fd08c6f\" data-element_type=\"widget\" data-widget_type=\"image.default\">\n\t\t\t\t<div class=\"elementor-widget-container\">\n\t\t\t\t\t\t\t\t\t\t\t\t\t\t\t\t<a href=\"https:\/\/arianaronpedrique.com\/wp-content\/uploads\/2023\/04\/Mask-Group-5-scaled.jpg\" data-elementor-open-lightbox=\"yes\" data-elementor-lightbox-title=\"\u00a9 AYAR Llc\" data-e-action-hash=\"#elementor-action%3Aaction%3Dlightbox%26settings%3DeyJpZCI6MjMxLCJ1cmwiOiJodHRwczpcL1wvYXJpYW5hcm9ucGVkcmlxdWUuY29tXC93cC1jb250ZW50XC91cGxvYWRzXC8yMDIzXC8wNFwvTWFzay1Hcm91cC01LXNjYWxlZC5qcGcifQ%3D%3D\">\n\t\t\t\t\t\t\t<img loading=\"lazy\" decoding=\"async\" width=\"2560\" height=\"1350\" src=\"https:\/\/arianaronpedrique.com\/wp-content\/uploads\/2023\/04\/Mask-Group-5-scaled.jpg\" class=\"attachment-full size-full wp-image-231\" alt=\"\" srcset=\"https:\/\/arianaronpedrique.com\/wp-content\/uploads\/2023\/04\/Mask-Group-5-scaled.jpg 2560w, https:\/\/arianaronpedrique.com\/wp-content\/uploads\/2023\/04\/Mask-Group-5-300x158.jpg 300w, https:\/\/arianaronpedrique.com\/wp-content\/uploads\/2023\/04\/Mask-Group-5-1024x540.jpg 1024w, https:\/\/arianaronpedrique.com\/wp-content\/uploads\/2023\/04\/Mask-Group-5-768x405.jpg 768w, https:\/\/arianaronpedrique.com\/wp-content\/uploads\/2023\/04\/Mask-Group-5-1536x810.jpg 1536w, https:\/\/arianaronpedrique.com\/wp-content\/uploads\/2023\/04\/Mask-Group-5-2048x1080.jpg 2048w\" sizes=\"auto, (max-width: 2560px) 100vw, 2560px\" \/>\t\t\t\t\t\t\t\t<\/a>\n\t\t\t\t\t\t\t\t\t\t\t\t\t\t\t<\/div>\n\t\t\t\t<\/div>\n\t\t\t\t<\/div>\n\t\t\t\t<\/div>\n\t\t\t\t\t\t\t<\/div>","protected":false},"excerpt":{"rendered":"<p>Born and raised in Caracas, Venezuela, the bilingual actress endeared herself to audiences with her series regular role on Sony\u2019s smash hit series ROSARIO TIJERAS \u2013 which became #1 in Netflix LATAM and Mexico. Her dramatic arc as Paula Restrepo in a star-crossed romance, made her a universal fan favorite. \u00a9 Ben Cope Most recently, [&hellip;]<\/p>","protected":false},"author":1,"featured_media":0,"parent":0,"menu_order":0,"comment_status":"closed","ping_status":"closed","template":"","meta":{"footnotes":""},"class_list":["post-208","page","type-page","status-publish","hentry"],"yoast_head":"<!-- This site is optimized with the Yoast SEO plugin v27.4 - https:\/\/yoast.com\/product\/yoast-seo-wordpress\/ -->\n<title>Bio &#8211; Ariana Ron Pedrique<\/title>\n<meta name=\"robots\" content=\"index, follow, max-snippet:-1, max-image-preview:large, max-video-preview:-1\" \/>\n<link rel=\"canonical\" href=\"https:\/\/arianaronpedrique.com\/es\/bio\/\" \/>\n<meta property=\"og:locale\" content=\"es_MX\" \/>\n<meta property=\"og:type\" content=\"article\" \/>\n<meta property=\"og:title\" content=\"Bio &#8211; Ariana Ron Pedrique\" \/>\n<meta property=\"og:description\" content=\"Born and raised in Caracas, Venezuela, the bilingual actress endeared herself to audiences with her series regular role on Sony\u2019s smash hit series ROSARIO TIJERAS \u2013 which became #1 in Netflix LATAM and Mexico. Her dramatic arc as Paula Restrepo in a star-crossed romance, made her a universal fan favorite. \u00a9 Ben Cope Most recently, [&hellip;]\" \/>\n<meta property=\"og:url\" content=\"https:\/\/arianaronpedrique.com\/es\/bio\/\" \/>\n<meta property=\"og:site_name\" content=\"Ariana Ron Pedrique\" \/>\n<meta property=\"article:modified_time\" content=\"2023-09-15T21:26:06+00:00\" \/>\n<meta property=\"og:image\" content=\"https:\/\/arianaronpedrique.com\/wp-content\/uploads\/2023\/05\/2021_04_14_Ariana_Ron_Pedrique-0603-768x1024.jpg\" \/>\n<meta name=\"twitter:card\" content=\"summary_large_image\" \/>\n<meta name=\"twitter:label1\" content=\"Tiempo de lectura\" \/>\n\t<meta name=\"twitter:data1\" content=\"2 minutos\" \/>\n<script type=\"application\/ld+json\" class=\"yoast-schema-graph\">{\"@context\":\"https:\\\/\\\/schema.org\",\"@graph\":[{\"@type\":\"WebPage\",\"@id\":\"https:\\\/\\\/arianaronpedrique.com\\\/bio\\\/\",\"url\":\"https:\\\/\\\/arianaronpedrique.com\\\/bio\\\/\",\"name\":\"Bio &#8211; Ariana Ron Pedrique\",\"isPartOf\":{\"@id\":\"https:\\\/\\\/arianaronpedrique.com\\\/#website\"},\"primaryImageOfPage\":{\"@id\":\"https:\\\/\\\/arianaronpedrique.com\\\/bio\\\/#primaryimage\"},\"image\":{\"@id\":\"https:\\\/\\\/arianaronpedrique.com\\\/bio\\\/#primaryimage\"},\"thumbnailUrl\":\"https:\\\/\\\/arianaronpedrique.com\\\/wp-content\\\/uploads\\\/2023\\\/05\\\/2021_04_14_Ariana_Ron_Pedrique-0603-768x1024.jpg\",\"datePublished\":\"2023-04-27T07:48:32+00:00\",\"dateModified\":\"2023-09-15T21:26:06+00:00\",\"breadcrumb\":{\"@id\":\"https:\\\/\\\/arianaronpedrique.com\\\/bio\\\/#breadcrumb\"},\"inLanguage\":\"es\",\"potentialAction\":[{\"@type\":\"ReadAction\",\"target\":[\"https:\\\/\\\/arianaronpedrique.com\\\/bio\\\/\"]}]},{\"@type\":\"ImageObject\",\"inLanguage\":\"es\",\"@id\":\"https:\\\/\\\/arianaronpedrique.com\\\/bio\\\/#primaryimage\",\"url\":\"https:\\\/\\\/arianaronpedrique.com\\\/wp-content\\\/uploads\\\/2023\\\/05\\\/2021_04_14_Ariana_Ron_Pedrique-0603-768x1024.jpg\",\"contentUrl\":\"https:\\\/\\\/arianaronpedrique.com\\\/wp-content\\\/uploads\\\/2023\\\/05\\\/2021_04_14_Ariana_Ron_Pedrique-0603-768x1024.jpg\"},{\"@type\":\"BreadcrumbList\",\"@id\":\"https:\\\/\\\/arianaronpedrique.com\\\/bio\\\/#breadcrumb\",\"itemListElement\":[{\"@type\":\"ListItem\",\"position\":1,\"name\":\"Home\",\"item\":\"https:\\\/\\\/arianaronpedrique.com\\\/\"},{\"@type\":\"ListItem\",\"position\":2,\"name\":\"Bio\"}]},{\"@type\":\"WebSite\",\"@id\":\"https:\\\/\\\/arianaronpedrique.com\\\/#website\",\"url\":\"https:\\\/\\\/arianaronpedrique.com\\\/\",\"name\":\"Ariana Ron Pedrique\",\"description\":\"My WordPress Blog\",\"publisher\":{\"@id\":\"https:\\\/\\\/arianaronpedrique.com\\\/#organization\"},\"potentialAction\":[{\"@type\":\"SearchAction\",\"target\":{\"@type\":\"EntryPoint\",\"urlTemplate\":\"https:\\\/\\\/arianaronpedrique.com\\\/?s={search_term_string}\"},\"query-input\":{\"@type\":\"PropertyValueSpecification\",\"valueRequired\":true,\"valueName\":\"search_term_string\"}}],\"inLanguage\":\"es\"},{\"@type\":\"Organization\",\"@id\":\"https:\\\/\\\/arianaronpedrique.com\\\/#organization\",\"name\":\"Ariana Ron Pedrique\",\"url\":\"https:\\\/\\\/arianaronpedrique.com\\\/\",\"logo\":{\"@type\":\"ImageObject\",\"inLanguage\":\"es\",\"@id\":\"https:\\\/\\\/arianaronpedrique.com\\\/#\\\/schema\\\/logo\\\/image\\\/\",\"url\":\"https:\\\/\\\/arianaronpedrique.com\\\/wp-content\\\/uploads\\\/2023\\\/04\\\/Ariana-Ron-Pedrique.png\",\"contentUrl\":\"https:\\\/\\\/arianaronpedrique.com\\\/wp-content\\\/uploads\\\/2023\\\/04\\\/Ariana-Ron-Pedrique.png\",\"width\":497,\"height\":54,\"caption\":\"Ariana Ron Pedrique\"},\"image\":{\"@id\":\"https:\\\/\\\/arianaronpedrique.com\\\/#\\\/schema\\\/logo\\\/image\\\/\"}}]}<\/script>\n<!-- \/ Yoast SEO plugin. -->","yoast_head_json":{"title":"Bio &#8211; Ariana Ron Pedrique","robots":{"index":"index","follow":"follow","max-snippet":"max-snippet:-1","max-image-preview":"max-image-preview:large","max-video-preview":"max-video-preview:-1"},"canonical":"https:\/\/arianaronpedrique.com\/es\/bio\/","og_locale":"es_MX","og_type":"article","og_title":"Bio &#8211; Ariana Ron Pedrique","og_description":"Born and raised in Caracas, Venezuela, the bilingual actress endeared herself to audiences with her series regular role on Sony\u2019s smash hit series ROSARIO TIJERAS \u2013 which became #1 in Netflix LATAM and Mexico. Her dramatic arc as Paula Restrepo in a star-crossed romance, made her a universal fan favorite. \u00a9 Ben Cope Most recently, [&hellip;]","og_url":"https:\/\/arianaronpedrique.com\/es\/bio\/","og_site_name":"Ariana Ron Pedrique","article_modified_time":"2023-09-15T21:26:06+00:00","og_image":[{"url":"https:\/\/arianaronpedrique.com\/wp-content\/uploads\/2023\/05\/2021_04_14_Ariana_Ron_Pedrique-0603-768x1024.jpg","type":"","width":"","height":""}],"twitter_card":"summary_large_image","twitter_misc":{"Tiempo de lectura":"2 minutos"},"schema":{"@context":"https:\/\/schema.org","@graph":[{"@type":"WebPage","@id":"https:\/\/arianaronpedrique.com\/bio\/","url":"https:\/\/arianaronpedrique.com\/bio\/","name":"Bio &#8211; Ariana Ron Pedrique","isPartOf":{"@id":"https:\/\/arianaronpedrique.com\/#website"},"primaryImageOfPage":{"@id":"https:\/\/arianaronpedrique.com\/bio\/#primaryimage"},"image":{"@id":"https:\/\/arianaronpedrique.com\/bio\/#primaryimage"},"thumbnailUrl":"https:\/\/arianaronpedrique.com\/wp-content\/uploads\/2023\/05\/2021_04_14_Ariana_Ron_Pedrique-0603-768x1024.jpg","datePublished":"2023-04-27T07:48:32+00:00","dateModified":"2023-09-15T21:26:06+00:00","breadcrumb":{"@id":"https:\/\/arianaronpedrique.com\/bio\/#breadcrumb"},"inLanguage":"es","potentialAction":[{"@type":"ReadAction","target":["https:\/\/arianaronpedrique.com\/bio\/"]}]},{"@type":"ImageObject","inLanguage":"es","@id":"https:\/\/arianaronpedrique.com\/bio\/#primaryimage","url":"https:\/\/arianaronpedrique.com\/wp-content\/uploads\/2023\/05\/2021_04_14_Ariana_Ron_Pedrique-0603-768x1024.jpg","contentUrl":"https:\/\/arianaronpedrique.com\/wp-content\/uploads\/2023\/05\/2021_04_14_Ariana_Ron_Pedrique-0603-768x1024.jpg"},{"@type":"BreadcrumbList","@id":"https:\/\/arianaronpedrique.com\/bio\/#breadcrumb","itemListElement":[{"@type":"ListItem","position":1,"name":"Home","item":"https:\/\/arianaronpedrique.com\/"},{"@type":"ListItem","position":2,"name":"Bio"}]},{"@type":"WebSite","@id":"https:\/\/arianaronpedrique.com\/#website","url":"https:\/\/arianaronpedrique.com\/","name":"Ariana Ron Pedrique","description":"My WordPress Blog","publisher":{"@id":"https:\/\/arianaronpedrique.com\/#organization"},"potentialAction":[{"@type":"SearchAction","target":{"@type":"EntryPoint","urlTemplate":"https:\/\/arianaronpedrique.com\/?s={search_term_string}"},"query-input":{"@type":"PropertyValueSpecification","valueRequired":true,"valueName":"search_term_string"}}],"inLanguage":"es"},{"@type":"Organization","@id":"https:\/\/arianaronpedrique.com\/#organization","name":"Ariana Ron Pedrique","url":"https:\/\/arianaronpedrique.com\/","logo":{"@type":"ImageObject","inLanguage":"es","@id":"https:\/\/arianaronpedrique.com\/#\/schema\/logo\/image\/","url":"https:\/\/arianaronpedrique.com\/wp-content\/uploads\/2023\/04\/Ariana-Ron-Pedrique.png","contentUrl":"https:\/\/arianaronpedrique.com\/wp-content\/uploads\/2023\/04\/Ariana-Ron-Pedrique.png","width":497,"height":54,"caption":"Ariana Ron Pedrique"},"image":{"@id":"https:\/\/arianaronpedrique.com\/#\/schema\/logo\/image\/"}}]}},"_links":{"self":[{"href":"https:\/\/arianaronpedrique.com\/es\/wp-json\/wp\/v2\/pages\/208","targetHints":{"allow":["GET"]}}],"collection":[{"href":"https:\/\/arianaronpedrique.com\/es\/wp-json\/wp\/v2\/pages"}],"about":[{"href":"https:\/\/arianaronpedrique.com\/es\/wp-json\/wp\/v2\/types\/page"}],"author":[{"embeddable":true,"href":"https:\/\/arianaronpedrique.com\/es\/wp-json\/wp\/v2\/users\/1"}],"replies":[{"embeddable":true,"href":"https:\/\/arianaronpedrique.com\/es\/wp-json\/wp\/v2\/comments?post=208"}],"version-history":[{"count":106,"href":"https:\/\/arianaronpedrique.com\/es\/wp-json\/wp\/v2\/pages\/208\/revisions"}],"predecessor-version":[{"id":1031,"href":"https:\/\/arianaronpedrique.com\/es\/wp-json\/wp\/v2\/pages\/208\/revisions\/1031"}],"wp:attachment":[{"href":"https:\/\/arianaronpedrique.com\/es\/wp-json\/wp\/v2\/media?parent=208"}],"curies":[{"name":"wp","href":"https:\/\/api.w.org\/{rel}","templated":true}]}}